{"id":3044,"date":"2023-05-05T16:35:03","date_gmt":"2023-05-05T16:35:03","guid":{"rendered":"https:\/\/tremex.cl\/inicio\/?post_type=product&#038;p=3044"},"modified":"2023-05-23T02:09:54","modified_gmt":"2023-05-23T02:09:54","slug":"abrillantador-tremex-lavanda-900-ml","status":"publish","type":"product","link":"https:\/\/tremex.cl\/inicio\/producto\/abrillantador-tremex-lavanda-900-ml\/","title":{"rendered":"Abrillantador Piso Flotante Lavanda 900cc"},"content":{"rendered":"<p class=\" page-title title\"><span style=\"color: #003366;\">Abrillantador Tremex Lavanda 900 Ml<\/span><\/p>\n<h4 style=\"text-align: left;\">DESCRIPCI\u00d3N DEL PRODUCTO<\/h4>\n<p>Tremex S.A presenta el Abrillantador para Pisos Flotantes que tiene la caracter\u00edstica de ser un sellador por lo que provee protecci\u00f3n duradera en los pisos de maderas sint\u00e9ticas. Gracias a su formulaci\u00f3n en base a pol\u00edmeros acr\u00edlicos, solventes, preservantes biodegradables y fragancia puede ser usado para cualquier tipo de habitaci\u00f3n con piso flotante y\/o madera sint\u00e9tica<\/p>\n<h4 style=\"text-align: left;\">CARACTER\u00cdSTICAS DESTACADAS<\/h4>\n<ul>\n<li>\n<div>Tiene la caracter\u00edstica de ser un sellador por lo que provee protecci\u00f3n duradera en los pisos<\/div>\n<\/li>\n<li>\n<div>Aplicaci\u00f3n muy simple, pule, protege, proporciona alto brillo y es resistente a tr\u00e1fico<\/div>\n<\/li>\n<\/ul>\n","protected":false},"excerpt":{"rendered":"<p>Abrillantador Tremex Lavanda 900 Ml DESCRIPCI\u00d3N DEL PRODUCTO Tremex S.A presenta el Abrillantador para Pisos Flotantes que tiene la caracter\u00edstica de ser un sellador por lo que provee protecci\u00f3n duradera en los pisos de maderas sint\u00e9ticas. Gracias a su formulaci\u00f3n en base a pol\u00edmeros acr\u00edlicos, solventes, preservantes biodegradables y fragancia puede ser usado para cualquier &hellip;<\/p>\n<p class=\"read-more\"> <a class=\" thunk-readmore button \" href=\"https:\/\/tremex.cl\/inicio\/producto\/abrillantador-tremex-lavanda-900-ml\/\"> <span class=\"screen-reader-text\">Abrillantador Piso Flotante Lavanda 900cc<\/span>Leer m\u00e1s<\/a><\/p>\n","protected":false},"featured_media":2981,"template":"","meta":{"_eb_attr":""},"product_cat":[35,38],"product_tag":[85,47,89],"class_list":["post-3044","product","type-product","status-publish","has-post-thumbnail","hentry","product_cat-hogar","product_cat-productos","product_tag-brillo","product_tag-limpieza","product_tag-piso-flotante","thunk-woo-product-list","opn-qv-enable","big-store-woo-hover-zoom","open-single-product-tab-horizontal","open-shadow-","open-shadow-hover-"],"_links":{"self":[{"href":"https:\/\/tremex.cl\/inicio\/wp-json\/wp\/v2\/product\/3044","targetHints":{"allow":["GET"]}}],"collection":[{"href":"https:\/\/tremex.cl\/inicio\/wp-json\/wp\/v2\/product"}],"about":[{"href":"https:\/\/tremex.cl\/inicio\/wp-json\/wp\/v2\/types\/product"}],"wp:featuredmedia":[{"embeddable":true,"href":"https:\/\/tremex.cl\/inicio\/wp-json\/wp\/v2\/media\/2981"}],"wp:attachment":[{"href":"https:\/\/tremex.cl\/inicio\/wp-json\/wp\/v2\/media?parent=3044"}],"wp:term":[{"taxonomy":"product_cat","embeddable":true,"href":"https:\/\/tremex.cl\/inicio\/wp-json\/wp\/v2\/product_cat?post=3044"},{"taxonomy":"product_tag","embeddable":true,"href":"https:\/\/tremex.cl\/inicio\/wp-json\/wp\/v2\/product_tag?post=3044"}],"curies":[{"name":"wp","href":"https:\/\/api.w.org\/{rel}","templated":true}]}}