{"id":3042,"date":"2023-05-05T16:26:01","date_gmt":"2023-05-05T16:26:01","guid":{"rendered":"https:\/\/tremex.cl\/inicio\/?post_type=product&#038;p=3042"},"modified":"2023-05-08T22:55:28","modified_gmt":"2023-05-08T22:55:28","slug":"bolsa-tremex-de-aseo-eco-activa-mediana-80x110-cm-10-u","status":"publish","type":"product","link":"https:\/\/tremex.cl\/inicio\/producto\/bolsa-tremex-de-aseo-eco-activa-mediana-80x110-cm-10-u\/","title":{"rendered":"Bolsa De Aseo 80&#215;110 Eco Activa (10 un)"},"content":{"rendered":"<p class=\" page-title title\"><span style=\"color: #003366;\">Bolsa Aseo Tremex Eco Activa Grande 80X110 Cm 10 Unidades<\/span><\/p>\n<h4>DESCRIPCI\u00d3N DEL PRODUCTO<\/h4>\n<p>Las bolsas de basura Tremex son fabricadas con material reciclado y cuentan con certificaci\u00f3n Global Recycled Standard 4.0 (GRS 4.0). Gracias a sus caracter\u00edsticas de fabricaci\u00f3n estas bolsas cumplen con todos los requisitos para un correcto uso a todo nivel. Sus diferentes medidas se ajustan a todas las necesidades desde uso dom\u00e9stico hasta uso institucional. Las bolsas son 100% reciclables<\/p>\n<h4>CARACTER\u00cdSTICAS DESTACADAS<\/h4>\n<ul>\n<li>\n<div>100% reciclables<\/div>\n<\/li>\n<li>\n<div>Fabricado con material reciclado<\/div>\n<\/li>\n<li>\n<div>Cuentan con certificaci\u00f3n Global Recycled Standard 4.0<\/div>\n<\/li>\n<\/ul>\n","protected":false},"excerpt":{"rendered":"<p>Bolsa Aseo Tremex Eco Activa Grande 80X110 Cm 10 Unidades DESCRIPCI\u00d3N DEL PRODUCTO Las bolsas de basura Tremex son fabricadas con material reciclado y cuentan con certificaci\u00f3n Global Recycled Standard 4.0 (GRS 4.0). Gracias a sus caracter\u00edsticas de fabricaci\u00f3n estas bolsas cumplen con todos los requisitos para un correcto uso a todo nivel. Sus diferentes &hellip;<\/p>\n<p class=\"read-more\"> <a class=\" thunk-readmore button \" href=\"https:\/\/tremex.cl\/inicio\/producto\/bolsa-tremex-de-aseo-eco-activa-mediana-80x110-cm-10-u\/\"> <span class=\"screen-reader-text\">Bolsa De Aseo 80&#215;110 Eco Activa (10 un)<\/span>Leer m\u00e1s<\/a><\/p>\n","protected":false},"featured_media":2989,"template":"","meta":{"_eb_attr":""},"product_cat":[35,36,38],"product_tag":[],"class_list":["post-3042","product","type-product","status-publish","has-post-thumbnail","hentry","product_cat-hogar","product_cat-institucional","product_cat-productos","thunk-woo-product-list","opn-qv-enable","big-store-woo-hover-zoom","open-single-product-tab-horizontal","open-shadow-","open-shadow-hover-"],"_links":{"self":[{"href":"https:\/\/tremex.cl\/inicio\/wp-json\/wp\/v2\/product\/3042","targetHints":{"allow":["GET"]}}],"collection":[{"href":"https:\/\/tremex.cl\/inicio\/wp-json\/wp\/v2\/product"}],"about":[{"href":"https:\/\/tremex.cl\/inicio\/wp-json\/wp\/v2\/types\/product"}],"wp:featuredmedia":[{"embeddable":true,"href":"https:\/\/tremex.cl\/inicio\/wp-json\/wp\/v2\/media\/2989"}],"wp:attachment":[{"href":"https:\/\/tremex.cl\/inicio\/wp-json\/wp\/v2\/media?parent=3042"}],"wp:term":[{"taxonomy":"product_cat","embeddable":true,"href":"https:\/\/tremex.cl\/inicio\/wp-json\/wp\/v2\/product_cat?post=3042"},{"taxonomy":"product_tag","embeddable":true,"href":"https:\/\/tremex.cl\/inicio\/wp-json\/wp\/v2\/product_tag?post=3042"}],"curies":[{"name":"wp","href":"https:\/\/api.w.org\/{rel}","templated":true}]}}