{"id":3012,"date":"2023-05-05T14:41:17","date_gmt":"2023-05-05T14:41:17","guid":{"rendered":"https:\/\/tremex.cl\/inicio\/?post_type=product&#038;p=3012"},"modified":"2023-05-05T20:17:14","modified_gmt":"2023-05-05T20:17:14","slug":"limpiador-tremex-multiuso-5-l","status":"publish","type":"product","link":"https:\/\/tremex.cl\/inicio\/producto\/limpiador-tremex-multiuso-5-l\/","title":{"rendered":"Limpiador Multiuso 5 L"},"content":{"rendered":"<p><span style=\"color: #003366;\">LIMPIADOR TREMEX MULTIUSO 5 L<\/span><\/p>\n<h4>DESCRIPCI\u00d3N DEL PRODUCTO<\/h4>\n<p>Limpie cristales, vidrios y superficies en general en su hogar e industria, remueva la grasa, polvo, holl\u00edn, tizne, y dem\u00e1s agentes que opacan el brillo y transparencia de manera f\u00e1cil, r\u00e1pida y con un secado instant\u00e1neo evitando la alta humedad<\/p>\n<h4>CARACTER\u00cdSTICAS DESTACADAS<\/h4>\n<ul>\n<li>Limpiador multisuperficies para cualquier rinc\u00f3n de casa y\/o oficina<\/li>\n<li>Protege la adherencia de nuevas suciedades<\/li>\n<li>No deja aureolas ni marcas<\/li>\n<li>Su base es alcoh\u00f3lica<\/li>\n<\/ul>\n","protected":false},"excerpt":{"rendered":"<p>LIMPIADOR TREMEX MULTIUSO 5 L DESCRIPCI\u00d3N DEL PRODUCTO Limpie cristales, vidrios y superficies en general en su hogar e industria, remueva la grasa, polvo, holl\u00edn, tizne, y dem\u00e1s agentes que opacan el brillo y transparencia de manera f\u00e1cil, r\u00e1pida y con un secado instant\u00e1neo evitando la alta humedad CARACTER\u00cdSTICAS DESTACADAS Limpiador multisuperficies para cualquier rinc\u00f3n &hellip;<\/p>\n<p class=\"read-more\"> <a class=\" thunk-readmore button \" href=\"https:\/\/tremex.cl\/inicio\/producto\/limpiador-tremex-multiuso-5-l\/\"> <span class=\"screen-reader-text\">Limpiador Multiuso 5 L<\/span>Leer m\u00e1s<\/a><\/p>\n","protected":false},"featured_media":2882,"template":"","meta":{"_eb_attr":""},"product_cat":[36,38],"product_tag":[67,103],"class_list":["post-3012","product","type-product","status-publish","has-post-thumbnail","hentry","product_cat-institucional","product_cat-productos","product_tag-hogar","product_tag-productos","thunk-woo-product-list","opn-qv-enable","big-store-woo-hover-zoom","open-single-product-tab-horizontal","open-shadow-","open-shadow-hover-"],"_links":{"self":[{"href":"https:\/\/tremex.cl\/inicio\/wp-json\/wp\/v2\/product\/3012","targetHints":{"allow":["GET"]}}],"collection":[{"href":"https:\/\/tremex.cl\/inicio\/wp-json\/wp\/v2\/product"}],"about":[{"href":"https:\/\/tremex.cl\/inicio\/wp-json\/wp\/v2\/types\/product"}],"wp:featuredmedia":[{"embeddable":true,"href":"https:\/\/tremex.cl\/inicio\/wp-json\/wp\/v2\/media\/2882"}],"wp:attachment":[{"href":"https:\/\/tremex.cl\/inicio\/wp-json\/wp\/v2\/media?parent=3012"}],"wp:term":[{"taxonomy":"product_cat","embeddable":true,"href":"https:\/\/tremex.cl\/inicio\/wp-json\/wp\/v2\/product_cat?post=3012"},{"taxonomy":"product_tag","embeddable":true,"href":"https:\/\/tremex.cl\/inicio\/wp-json\/wp\/v2\/product_tag?post=3012"}],"curies":[{"name":"wp","href":"https:\/\/api.w.org\/{rel}","templated":true}]}}