{"id":2979,"date":"2023-05-04T22:49:26","date_gmt":"2023-05-04T22:49:26","guid":{"rendered":"https:\/\/tremex.cl\/inicio\/?post_type=product&#038;p=2979"},"modified":"2023-05-05T21:35:39","modified_gmt":"2023-05-05T21:35:39","slug":"cloro-tremex-concentrado-4-hipoclorito-de-sodio-2-l","status":"publish","type":"product","link":"https:\/\/tremex.cl\/inicio\/producto\/cloro-tremex-concentrado-4-hipoclorito-de-sodio-2-l\/","title":{"rendered":"Cloro Concentrado 2 L"},"content":{"rendered":"<p><span style=\"color: #003366;\">CLORO TREMEX CONCENTRADO 4 % HIPOCLORITO DE SODIO 2 L<\/span><\/p>\n<h4>DESCRIPCI\u00d3N DEL PRODUCTO<\/h4>\n<p>EL HIPOCLORITO DE SODIO es un l\u00edquido amarillento, utilizado principalmente para la desinfecci\u00f3n. Act\u00faa por el cloro que libera, con un rendimiento muy alto seg\u00fan beneficio- costo<\/p>\n<p>CARACTER\u00cdSTICAS DESTACADAS<\/p>\n<ul>\n<li>EL HIPOCLORITO DE SODIO es un l\u00edquido incoloro-amarillento adecuado para la desinfecci\u00f3n en general.<\/li>\n<li>Acci\u00f3n bactericida y fungicida, muy utilizado para el blanqueo de telas blancas.<\/li>\n<li>Act\u00faa por el cloro que libera, con un rendimiento muy alto seg\u00fan beneficio- costo.<\/li>\n<li>Eficaz y econ\u00f3mico.<\/li>\n<li>Dej\u00e1ndolo actuar por unos 5 minutos ataca a virus, bacterias, hongos y levaduras<\/li>\n<\/ul>\n","protected":false},"excerpt":{"rendered":"<p>CLORO TREMEX CONCENTRADO 4 % HIPOCLORITO DE SODIO 2 L DESCRIPCI\u00d3N DEL PRODUCTO EL HIPOCLORITO DE SODIO es un l\u00edquido amarillento, utilizado principalmente para la desinfecci\u00f3n. Act\u00faa por el cloro que libera, con un rendimiento muy alto seg\u00fan beneficio- costo CARACTER\u00cdSTICAS DESTACADAS EL HIPOCLORITO DE SODIO es un l\u00edquido incoloro-amarillento adecuado para la desinfecci\u00f3n en &hellip;<\/p>\n<p class=\"read-more\"> <a class=\" thunk-readmore button \" href=\"https:\/\/tremex.cl\/inicio\/producto\/cloro-tremex-concentrado-4-hipoclorito-de-sodio-2-l\/\"> <span class=\"screen-reader-text\">Cloro Concentrado 2 L<\/span>Leer m\u00e1s<\/a><\/p>\n","protected":false},"featured_media":2836,"template":"","meta":{"_eb_attr":""},"product_cat":[35],"product_tag":[48,47],"class_list":["post-2979","product","type-product","status-publish","has-post-thumbnail","hentry","product_cat-hogar","product_tag-desinfeccion","product_tag-limpieza","thunk-woo-product-list","opn-qv-enable","big-store-woo-hover-zoom","open-single-product-tab-horizontal","open-shadow-","open-shadow-hover-"],"_links":{"self":[{"href":"https:\/\/tremex.cl\/inicio\/wp-json\/wp\/v2\/product\/2979","targetHints":{"allow":["GET"]}}],"collection":[{"href":"https:\/\/tremex.cl\/inicio\/wp-json\/wp\/v2\/product"}],"about":[{"href":"https:\/\/tremex.cl\/inicio\/wp-json\/wp\/v2\/types\/product"}],"wp:featuredmedia":[{"embeddable":true,"href":"https:\/\/tremex.cl\/inicio\/wp-json\/wp\/v2\/media\/2836"}],"wp:attachment":[{"href":"https:\/\/tremex.cl\/inicio\/wp-json\/wp\/v2\/media?parent=2979"}],"wp:term":[{"taxonomy":"product_cat","embeddable":true,"href":"https:\/\/tremex.cl\/inicio\/wp-json\/wp\/v2\/product_cat?post=2979"},{"taxonomy":"product_tag","embeddable":true,"href":"https:\/\/tremex.cl\/inicio\/wp-json\/wp\/v2\/product_tag?post=2979"}],"curies":[{"name":"wp","href":"https:\/\/api.w.org\/{rel}","templated":true}]}}