{"id":2978,"date":"2023-05-04T22:43:18","date_gmt":"2023-05-04T22:43:18","guid":{"rendered":"https:\/\/tremex.cl\/inicio\/?post_type=product&#038;p=2978"},"modified":"2023-05-08T23:04:51","modified_gmt":"2023-05-08T23:04:51","slug":"limpiador-tremex-citrus-multiuso-crema-750-ml","status":"publish","type":"product","link":"https:\/\/tremex.cl\/inicio\/producto\/limpiador-tremex-citrus-multiuso-crema-750-ml\/","title":{"rendered":"Limpiador Crema Citrus 750 ML"},"content":{"rendered":"<p><span style=\"color: #003366;\">LIMPIADOR TREMEX CITRUS MULTIUSO CREMA 750 ML<\/span><\/p>\n<h4>DESCRIPCI\u00d3N DEL PRODUCTO<\/h4>\n<p>TREMEX, presenta un limpiador en crema formulado especialmente para eliminar suciedad adheridas en ba\u00f1os y cocinas (tina, lavamanos, azulejos, cer\u00e1mica, lavaplatos grifer\u00eda, enlozado) y puede utilizarse eventualmente para eliminar manchas de t\u00e9 o caf\u00e9 en tazas<\/p>\n<h4>CARACTER\u00cdSTICAS DESTACADAS<\/h4>\n<ul>\n<li>Formulado para eliminar suciedad adheridas en ba\u00f1os y cocinas<\/li>\n<li>Su formulaci\u00f3n cuenta con tenso-activos para eliminar grasa y suciedades profundas<\/li>\n<li>Las part\u00edculas en suspensi\u00f3n y micro-part\u00edculas abrasivas del producto elimina adherencias profundas<\/li>\n<\/ul>\n","protected":false},"excerpt":{"rendered":"<p>LIMPIADOR TREMEX CITRUS MULTIUSO CREMA 750 ML DESCRIPCI\u00d3N DEL PRODUCTO TREMEX, presenta un limpiador en crema formulado especialmente para eliminar suciedad adheridas en ba\u00f1os y cocinas (tina, lavamanos, azulejos, cer\u00e1mica, lavaplatos grifer\u00eda, enlozado) y puede utilizarse eventualmente para eliminar manchas de t\u00e9 o caf\u00e9 en tazas CARACTER\u00cdSTICAS DESTACADAS Formulado para eliminar suciedad adheridas en ba\u00f1os &hellip;<\/p>\n<p class=\"read-more\"> <a class=\" thunk-readmore button \" href=\"https:\/\/tremex.cl\/inicio\/producto\/limpiador-tremex-citrus-multiuso-crema-750-ml\/\"> <span class=\"screen-reader-text\">Limpiador Crema Citrus 750 ML<\/span>Leer m\u00e1s<\/a><\/p>\n","protected":false},"featured_media":2834,"template":"","meta":{"_eb_attr":""},"product_cat":[35,38],"product_tag":[85,55,64,47],"class_list":["post-2978","product","type-product","status-publish","has-post-thumbnail","hentry","product_cat-hogar","product_cat-productos","product_tag-brillo","product_tag-citrus","product_tag-cocina","product_tag-limpieza","thunk-woo-product-list","opn-qv-enable","big-store-woo-hover-zoom","open-single-product-tab-horizontal","open-shadow-","open-shadow-hover-"],"_links":{"self":[{"href":"https:\/\/tremex.cl\/inicio\/wp-json\/wp\/v2\/product\/2978","targetHints":{"allow":["GET"]}}],"collection":[{"href":"https:\/\/tremex.cl\/inicio\/wp-json\/wp\/v2\/product"}],"about":[{"href":"https:\/\/tremex.cl\/inicio\/wp-json\/wp\/v2\/types\/product"}],"wp:featuredmedia":[{"embeddable":true,"href":"https:\/\/tremex.cl\/inicio\/wp-json\/wp\/v2\/media\/2834"}],"wp:attachment":[{"href":"https:\/\/tremex.cl\/inicio\/wp-json\/wp\/v2\/media?parent=2978"}],"wp:term":[{"taxonomy":"product_cat","embeddable":true,"href":"https:\/\/tremex.cl\/inicio\/wp-json\/wp\/v2\/product_cat?post=2978"},{"taxonomy":"product_tag","embeddable":true,"href":"https:\/\/tremex.cl\/inicio\/wp-json\/wp\/v2\/product_tag?post=2978"}],"curies":[{"name":"wp","href":"https:\/\/api.w.org\/{rel}","templated":true}]}}