{"id":2970,"date":"2023-05-04T22:07:18","date_gmt":"2023-05-04T22:07:18","guid":{"rendered":"https:\/\/tremex.cl\/inicio\/?post_type=product&#038;p=2970"},"modified":"2023-05-10T00:03:45","modified_gmt":"2023-05-10T00:03:45","slug":"jabon-liquido-tremex-hygienic-con-triclosan-1-l","status":"publish","type":"product","link":"https:\/\/tremex.cl\/inicio\/producto\/jabon-liquido-tremex-hygienic-con-triclosan-1-l\/","title":{"rendered":"Jab\u00f3n Hygienic Con Triclos\u00e1n 1 L"},"content":{"rendered":"<p><span style=\"color: #003366;\">Jab\u00f3n L\u00edquido Tremex Hygienic Con Triclos\u00e1n 1 L<\/span><\/p>\n<h4>DESCRIPCI\u00d3N DEL PRODUCTO<\/h4>\n<p>Jab\u00f3n l\u00edquido Hygienic Health Care, est\u00e1 formulado para el cuidado de sus manos y especialmente para proveer limpieza y desinfecci\u00f3n al mismo tiempo, c\u00f3mo tal contiene agentes antibacteriales comprobados y emulsificadores que entregan suavidad a sus manos<\/p>\n<h4>CARACTER\u00cdSTICAS DESTACADAS<\/h4>\n<ul>\n<li>Producto a base de Amonio Cuaternario<\/li>\n<li>Desarrollado para el cuidado de manos y cuerpo, con glicerina para darle acci\u00f3n suave<\/li>\n<li>PH neutro, cuida las manos. Cuenta con acondicionadores y tenso-activos para su funci\u00f3n de limpieza<\/li>\n<li>Act\u00faa como dermo-protector en pieles secas y sensibles, no altera el pH de la piel<\/li>\n<\/ul>\n","protected":false},"excerpt":{"rendered":"<p>Jab\u00f3n L\u00edquido Tremex Hygienic Con Triclos\u00e1n 1 L DESCRIPCI\u00d3N DEL PRODUCTO Jab\u00f3n l\u00edquido Hygienic Health Care, est\u00e1 formulado para el cuidado de sus manos y especialmente para proveer limpieza y desinfecci\u00f3n al mismo tiempo, c\u00f3mo tal contiene agentes antibacteriales comprobados y emulsificadores que entregan suavidad a sus manos CARACTER\u00cdSTICAS DESTACADAS Producto a base de Amonio &hellip;<\/p>\n<p class=\"read-more\"> <a class=\" thunk-readmore button \" href=\"https:\/\/tremex.cl\/inicio\/producto\/jabon-liquido-tremex-hygienic-con-triclosan-1-l\/\"> <span class=\"screen-reader-text\">Jab\u00f3n Hygienic Con Triclos\u00e1n 1 L<\/span>Leer m\u00e1s<\/a><\/p>\n","protected":false},"featured_media":2818,"template":"","meta":{"_eb_attr":""},"product_cat":[35,38],"product_tag":[],"class_list":["post-2970","product","type-product","status-publish","has-post-thumbnail","hentry","product_cat-hogar","product_cat-productos","thunk-woo-product-list","opn-qv-enable","big-store-woo-hover-zoom","open-single-product-tab-horizontal","open-shadow-","open-shadow-hover-"],"_links":{"self":[{"href":"https:\/\/tremex.cl\/inicio\/wp-json\/wp\/v2\/product\/2970","targetHints":{"allow":["GET"]}}],"collection":[{"href":"https:\/\/tremex.cl\/inicio\/wp-json\/wp\/v2\/product"}],"about":[{"href":"https:\/\/tremex.cl\/inicio\/wp-json\/wp\/v2\/types\/product"}],"wp:featuredmedia":[{"embeddable":true,"href":"https:\/\/tremex.cl\/inicio\/wp-json\/wp\/v2\/media\/2818"}],"wp:attachment":[{"href":"https:\/\/tremex.cl\/inicio\/wp-json\/wp\/v2\/media?parent=2970"}],"wp:term":[{"taxonomy":"product_cat","embeddable":true,"href":"https:\/\/tremex.cl\/inicio\/wp-json\/wp\/v2\/product_cat?post=2970"},{"taxonomy":"product_tag","embeddable":true,"href":"https:\/\/tremex.cl\/inicio\/wp-json\/wp\/v2\/product_tag?post=2970"}],"curies":[{"name":"wp","href":"https:\/\/api.w.org\/{rel}","templated":true}]}}