{"id":2966,"date":"2023-05-04T21:42:11","date_gmt":"2023-05-04T21:42:11","guid":{"rendered":"https:\/\/tremex.cl\/inicio\/?post_type=product&#038;p=2966"},"modified":"2023-05-08T23:06:45","modified_gmt":"2023-05-08T23:06:45","slug":"alcohol-gel-tremex-70-sin-enjuage-360-ml","status":"publish","type":"product","link":"https:\/\/tremex.cl\/inicio\/producto\/alcohol-gel-tremex-70-sin-enjuage-360-ml\/","title":{"rendered":"Alcohol Gel 360 Ml"},"content":{"rendered":"<p><span style=\"color: #003366;\">ALCOHOL GEL TREMEX 70% SIN ENJUAGE 360 ML<\/span><\/p>\n<h4>DESCRIPCI\u00d3N DEL PRODUCTO<\/h4>\n<p>Alcohol Gel TREMEX, gracias a su formulaci\u00f3n permite limpiar sin necesidad de enjuague, es un producto que adem\u00e1s ataca bacterias dejando sus manos libres de estos. Otra de sus caracter\u00edsticas es que puede ser usado en cualquier lugar ya que seca al instante<\/p>\n<h4>CARACTER\u00cdSTICAS DESTACADAS<\/h4>\n<ul>\n<li>Formulaci\u00f3n limpia sin necesidad de enjuague, es un producto que ataca bacterias y desinfecta<\/li>\n<li>Puede ser usado en cualquier lugar ya que seca al instante<\/li>\n<li>Formulaci\u00f3n se ajusta al pH y no da\u00f1a la piel<\/li>\n<\/ul>\n","protected":false},"excerpt":{"rendered":"<p>ALCOHOL GEL TREMEX 70% SIN ENJUAGE 360 ML DESCRIPCI\u00d3N DEL PRODUCTO Alcohol Gel TREMEX, gracias a su formulaci\u00f3n permite limpiar sin necesidad de enjuague, es un producto que adem\u00e1s ataca bacterias dejando sus manos libres de estos. Otra de sus caracter\u00edsticas es que puede ser usado en cualquier lugar ya que seca al instante CARACTER\u00cdSTICAS &hellip;<\/p>\n<p class=\"read-more\"> <a class=\" thunk-readmore button \" href=\"https:\/\/tremex.cl\/inicio\/producto\/alcohol-gel-tremex-70-sin-enjuage-360-ml\/\"> <span class=\"screen-reader-text\">Alcohol Gel 360 Ml<\/span>Leer m\u00e1s<\/a><\/p>\n","protected":false},"featured_media":2810,"template":"","meta":{"_eb_attr":""},"product_cat":[35,38],"product_tag":[79,47,71,78,44],"class_list":["post-2966","product","type-product","status-publish","has-post-thumbnail","hentry","product_cat-hogar","product_cat-productos","product_tag-desinfectante","product_tag-limpieza","product_tag-manos","product_tag-secado-rapido","product_tag-tremex","thunk-woo-product-list","opn-qv-enable","big-store-woo-hover-zoom","open-single-product-tab-horizontal","open-shadow-","open-shadow-hover-"],"_links":{"self":[{"href":"https:\/\/tremex.cl\/inicio\/wp-json\/wp\/v2\/product\/2966","targetHints":{"allow":["GET"]}}],"collection":[{"href":"https:\/\/tremex.cl\/inicio\/wp-json\/wp\/v2\/product"}],"about":[{"href":"https:\/\/tremex.cl\/inicio\/wp-json\/wp\/v2\/types\/product"}],"wp:featuredmedia":[{"embeddable":true,"href":"https:\/\/tremex.cl\/inicio\/wp-json\/wp\/v2\/media\/2810"}],"wp:attachment":[{"href":"https:\/\/tremex.cl\/inicio\/wp-json\/wp\/v2\/media?parent=2966"}],"wp:term":[{"taxonomy":"product_cat","embeddable":true,"href":"https:\/\/tremex.cl\/inicio\/wp-json\/wp\/v2\/product_cat?post=2966"},{"taxonomy":"product_tag","embeddable":true,"href":"https:\/\/tremex.cl\/inicio\/wp-json\/wp\/v2\/product_tag?post=2966"}],"curies":[{"name":"wp","href":"https:\/\/api.w.org\/{rel}","templated":true}]}}