{"id":2965,"date":"2023-05-04T21:38:31","date_gmt":"2023-05-04T21:38:31","guid":{"rendered":"https:\/\/tremex.cl\/inicio\/?post_type=product&#038;p=2965"},"modified":"2023-05-08T23:06:54","modified_gmt":"2023-05-08T23:06:54","slug":"jabon-liquido-tremex-valvula-glicerina-lavanda-1-l","status":"publish","type":"product","link":"https:\/\/tremex.cl\/inicio\/producto\/jabon-liquido-tremex-valvula-glicerina-lavanda-1-l\/","title":{"rendered":"Jab\u00f3n V\u00e1lvula Lavanda 1 L"},"content":{"rendered":"<p><span style=\"color: #003366;\">JAB\u00d3N L\u00cdQUIDO TREMEX V\u00c1LVULA GLICERINA LAVANDA 1 L<\/span><\/p>\n<h4>DESCRIPCI\u00d3N DEL PRODUCTO<\/h4>\n<p>Jab\u00f3n l\u00edquido para el lavado de manos y cuerpo, formulado con glicerina para darle acci\u00f3n suave y protecci\u00f3n a su piel. Cuenta tambi\u00e9n con otros componentes como acondicionadores y tenso-activos para su funci\u00f3n de limpieza<\/p>\n<h4>CARACTER\u00cdSTICAS DESTACADAS<\/h4>\n<ul>\n<li>Formulado con glicerina para darle acci\u00f3n suave y protecci\u00f3n a su piel<br \/>\nPH neutro, cuida las manos.<\/li>\n<li>Cuenta con acondicionadores y tenso-activos para su funci\u00f3n de limpieza<\/li>\n<li>Jab\u00f3n espumoso, cubre una amplia zona al lavar<\/li>\n<\/ul>\n","protected":false},"excerpt":{"rendered":"<p>JAB\u00d3N L\u00cdQUIDO TREMEX V\u00c1LVULA GLICERINA LAVANDA 1 L DESCRIPCI\u00d3N DEL PRODUCTO Jab\u00f3n l\u00edquido para el lavado de manos y cuerpo, formulado con glicerina para darle acci\u00f3n suave y protecci\u00f3n a su piel. Cuenta tambi\u00e9n con otros componentes como acondicionadores y tenso-activos para su funci\u00f3n de limpieza CARACTER\u00cdSTICAS DESTACADAS Formulado con glicerina para darle acci\u00f3n suave &hellip;<\/p>\n<p class=\"read-more\"> <a class=\" thunk-readmore button \" href=\"https:\/\/tremex.cl\/inicio\/producto\/jabon-liquido-tremex-valvula-glicerina-lavanda-1-l\/\"> <span class=\"screen-reader-text\">Jab\u00f3n V\u00e1lvula Lavanda 1 L<\/span>Leer m\u00e1s<\/a><\/p>\n","protected":false},"featured_media":2808,"template":"","meta":{"_eb_attr":""},"product_cat":[35,38],"product_tag":[72,73,74,47,71,75],"class_list":["post-2965","product","type-product","status-publish","has-post-thumbnail","hentry","product_cat-hogar","product_cat-productos","product_tag-bano","product_tag-glicerina","product_tag-humectante","product_tag-limpieza","product_tag-manos","product_tag-suavidad","thunk-woo-product-list","opn-qv-enable","big-store-woo-hover-zoom","open-single-product-tab-horizontal","open-shadow-","open-shadow-hover-"],"_links":{"self":[{"href":"https:\/\/tremex.cl\/inicio\/wp-json\/wp\/v2\/product\/2965","targetHints":{"allow":["GET"]}}],"collection":[{"href":"https:\/\/tremex.cl\/inicio\/wp-json\/wp\/v2\/product"}],"about":[{"href":"https:\/\/tremex.cl\/inicio\/wp-json\/wp\/v2\/types\/product"}],"wp:featuredmedia":[{"embeddable":true,"href":"https:\/\/tremex.cl\/inicio\/wp-json\/wp\/v2\/media\/2808"}],"wp:attachment":[{"href":"https:\/\/tremex.cl\/inicio\/wp-json\/wp\/v2\/media?parent=2965"}],"wp:term":[{"taxonomy":"product_cat","embeddable":true,"href":"https:\/\/tremex.cl\/inicio\/wp-json\/wp\/v2\/product_cat?post=2965"},{"taxonomy":"product_tag","embeddable":true,"href":"https:\/\/tremex.cl\/inicio\/wp-json\/wp\/v2\/product_tag?post=2965"}],"curies":[{"name":"wp","href":"https:\/\/api.w.org\/{rel}","templated":true}]}}