{"id":2964,"date":"2023-05-04T21:33:25","date_gmt":"2023-05-04T21:33:25","guid":{"rendered":"https:\/\/tremex.cl\/inicio\/?post_type=product&#038;p=2964"},"modified":"2023-05-08T21:41:32","modified_gmt":"2023-05-08T21:41:32","slug":"limpiador-tremex-bano-con-gatillo-500-ml","status":"publish","type":"product","link":"https:\/\/tremex.cl\/inicio\/producto\/limpiador-tremex-bano-con-gatillo-500-ml\/","title":{"rendered":"Limpiador Ba\u00f1o Con Gatillo 500cc"},"content":{"rendered":"<p><span style=\"color: #003366;\">LIMPIADOR TREMEX BA\u00d1O CON GATILLO 500 ML<\/span><\/p>\n<h4>DESCRIPCI\u00d3N DEL PRODUCTO<\/h4>\n<p>Limpiador de ba\u00f1o TREMEX, est\u00e1 orientado a la limpieza de accesorios del ba\u00f1o como: azulejos, enlozados, grifer\u00eda y cer\u00e1mica, eliminando restos de jab\u00f3n y suciedades producto de sales y grasas que se adhieren tanto en la tina como lavamanos. Con la intenci\u00f3n de proveer limpieza y mantenci\u00f3n en su ba\u00f1o, TREMEX ha incorporado en su formulaci\u00f3n materias primas que dar\u00e1n tranquilidad a la due\u00f1a de casa, porque no da\u00f1a la grifer\u00eda<\/p>\n<h4>CARACTER\u00cdSTICAS DESTACADAS<\/h4>\n<ul>\n<li>Limpiador Desincrustante para azulejos, enlozados, grifer\u00eda y cer\u00e1micas<\/li>\n<li>Elimina restos de jab\u00f3n, suciedades producto de sales y grasas que se adhieren a la superficie<\/li>\n<li>Para utilizar en Ba\u00f1os, cocina y m\u00faltiples superficies<\/li>\n<\/ul>\n","protected":false},"excerpt":{"rendered":"<p>LIMPIADOR TREMEX BA\u00d1O CON GATILLO 500 ML DESCRIPCI\u00d3N DEL PRODUCTO Limpiador de ba\u00f1o TREMEX, est\u00e1 orientado a la limpieza de accesorios del ba\u00f1o como: azulejos, enlozados, grifer\u00eda y cer\u00e1mica, eliminando restos de jab\u00f3n y suciedades producto de sales y grasas que se adhieren tanto en la tina como lavamanos. Con la intenci\u00f3n de proveer limpieza &hellip;<\/p>\n<p class=\"read-more\"> <a class=\" thunk-readmore button \" href=\"https:\/\/tremex.cl\/inicio\/producto\/limpiador-tremex-bano-con-gatillo-500-ml\/\"> <span class=\"screen-reader-text\">Limpiador Ba\u00f1o Con Gatillo 500cc<\/span>Leer m\u00e1s<\/a><\/p>\n","protected":false},"featured_media":2806,"template":"","meta":{"_eb_attr":""},"product_cat":[35,38],"product_tag":[77,72,67,47,76],"class_list":["post-2964","product","type-product","status-publish","has-post-thumbnail","hentry","product_cat-hogar","product_cat-productos","product_tag-aroma","product_tag-bano","product_tag-hogar","product_tag-limpieza","product_tag-tranquilidad","thunk-woo-product-list","opn-qv-enable","big-store-woo-hover-zoom","open-single-product-tab-horizontal","open-shadow-","open-shadow-hover-"],"_links":{"self":[{"href":"https:\/\/tremex.cl\/inicio\/wp-json\/wp\/v2\/product\/2964","targetHints":{"allow":["GET"]}}],"collection":[{"href":"https:\/\/tremex.cl\/inicio\/wp-json\/wp\/v2\/product"}],"about":[{"href":"https:\/\/tremex.cl\/inicio\/wp-json\/wp\/v2\/types\/product"}],"wp:featuredmedia":[{"embeddable":true,"href":"https:\/\/tremex.cl\/inicio\/wp-json\/wp\/v2\/media\/2806"}],"wp:attachment":[{"href":"https:\/\/tremex.cl\/inicio\/wp-json\/wp\/v2\/media?parent=2964"}],"wp:term":[{"taxonomy":"product_cat","embeddable":true,"href":"https:\/\/tremex.cl\/inicio\/wp-json\/wp\/v2\/product_cat?post=2964"},{"taxonomy":"product_tag","embeddable":true,"href":"https:\/\/tremex.cl\/inicio\/wp-json\/wp\/v2\/product_tag?post=2964"}],"curies":[{"name":"wp","href":"https:\/\/api.w.org\/{rel}","templated":true}]}}