{"id":2955,"date":"2023-05-04T21:06:22","date_gmt":"2023-05-04T21:06:22","guid":{"rendered":"https:\/\/tremex.cl\/inicio\/?post_type=product&#038;p=2955"},"modified":"2023-05-08T23:07:50","modified_gmt":"2023-05-08T23:07:50","slug":"limpiador-antigrasa-tremex-aroma-naranja-con-gatillo-500cc","status":"publish","type":"product","link":"https:\/\/tremex.cl\/inicio\/producto\/limpiador-antigrasa-tremex-aroma-naranja-con-gatillo-500cc\/","title":{"rendered":"Antigrasa Naranja Con Gatillo 500CC"},"content":{"rendered":"<p><span style=\"color: #003366;\">LIMPIADOR ANTIGRASA TREMEX AROMA NARANJA CON GATILLO 500CC<\/span><\/p>\n<h4>DESCRIPCI\u00d3N DEL PRODUCTO<\/h4>\n<p>ANTIGRASA TREMEX, es un desengrasante concentrado, que desmancha y elimina totalmente grasas residuales. Remueve eficazmente aceites, grasas y suciedad en general. Dise\u00f1ado especialmente para grasas de cocinas y sus utensilios<\/p>\n<h4>CARACTER\u00cdSTICAS DESTACADAS<\/h4>\n<ul>\n<li>Desengrasante concentrado, que desmancha y elimina totalmente grasas residuales<\/li>\n<li>Act\u00faa sobre las grasas sin importar su origen, sean org\u00e1nicos o inorg\u00e1nicos de cocinas y ba\u00f1os<\/li>\n<li>No es inflamable, soluble 100% en agua, de uso m\u00faltiple en el hogar e industria<\/li>\n<\/ul>\n","protected":false},"excerpt":{"rendered":"<p>LIMPIADOR ANTIGRASA TREMEX AROMA NARANJA CON GATILLO 500CC DESCRIPCI\u00d3N DEL PRODUCTO ANTIGRASA TREMEX, es un desengrasante concentrado, que desmancha y elimina totalmente grasas residuales. Remueve eficazmente aceites, grasas y suciedad en general. Dise\u00f1ado especialmente para grasas de cocinas y sus utensilios CARACTER\u00cdSTICAS DESTACADAS Desengrasante concentrado, que desmancha y elimina totalmente grasas residuales Act\u00faa sobre las &hellip;<\/p>\n<p class=\"read-more\"> <a class=\" thunk-readmore button \" href=\"https:\/\/tremex.cl\/inicio\/producto\/limpiador-antigrasa-tremex-aroma-naranja-con-gatillo-500cc\/\"> <span class=\"screen-reader-text\">Antigrasa Naranja Con Gatillo 500CC<\/span>Leer m\u00e1s<\/a><\/p>\n","protected":false},"featured_media":2790,"template":"","meta":{"_eb_attr":""},"product_cat":[35,38],"product_tag":[53,64,63,47],"class_list":["post-2955","product","type-product","status-publish","has-post-thumbnail","hentry","product_cat-hogar","product_cat-productos","product_tag-anti-grasa","product_tag-cocina","product_tag-desengrasante","product_tag-limpieza","thunk-woo-product-list","opn-qv-enable","big-store-woo-hover-zoom","open-single-product-tab-horizontal","open-shadow-","open-shadow-hover-"],"_links":{"self":[{"href":"https:\/\/tremex.cl\/inicio\/wp-json\/wp\/v2\/product\/2955","targetHints":{"allow":["GET"]}}],"collection":[{"href":"https:\/\/tremex.cl\/inicio\/wp-json\/wp\/v2\/product"}],"about":[{"href":"https:\/\/tremex.cl\/inicio\/wp-json\/wp\/v2\/types\/product"}],"wp:featuredmedia":[{"embeddable":true,"href":"https:\/\/tremex.cl\/inicio\/wp-json\/wp\/v2\/media\/2790"}],"wp:attachment":[{"href":"https:\/\/tremex.cl\/inicio\/wp-json\/wp\/v2\/media?parent=2955"}],"wp:term":[{"taxonomy":"product_cat","embeddable":true,"href":"https:\/\/tremex.cl\/inicio\/wp-json\/wp\/v2\/product_cat?post=2955"},{"taxonomy":"product_tag","embeddable":true,"href":"https:\/\/tremex.cl\/inicio\/wp-json\/wp\/v2\/product_tag?post=2955"}],"curies":[{"name":"wp","href":"https:\/\/api.w.org\/{rel}","templated":true}]}}