{"id":2949,"date":"2023-05-04T20:45:29","date_gmt":"2023-05-04T20:45:29","guid":{"rendered":"https:\/\/tremex.cl\/inicio\/?post_type=product&#038;p=2949"},"modified":"2023-05-08T23:09:00","modified_gmt":"2023-05-08T23:09:00","slug":"2949","status":"publish","type":"product","link":"https:\/\/tremex.cl\/inicio\/producto\/2949\/","title":{"rendered":"Limpia Piso Brisa Polar 2 L"},"content":{"rendered":"<p><span style=\"color: #003366;\">LIMPIADOR PISO TREMEX BRISA POLAR 2 L<\/span><\/p>\n<h4>DESCRIPCI\u00d3N DEL PRODUCTO<\/h4>\n<p>Limpiador l\u00edquido espumante desinfectante con fragancia, con pH nivelado, dise\u00f1ado especialmente para la limpieza de pisos, ba\u00f1os, mesones o cualquier superficie en el hogar y en la industria en general<\/p>\n<h4>CARACTER\u00cdSTICAS DESTACADAS<\/h4>\n<ul>\n<li>Limpiador multiuso que garantiza una limpieza profunda con pH nivelado<\/li>\n<li>Dise\u00f1ado especialmente para la limpieza de pisos, ba\u00f1os, mesones o cualquier superficie en el hogar<\/li>\n<li>Para pisos pl\u00e1sticos, cer\u00e1micas, baldosas y pisos duros<\/li>\n<\/ul>\n","protected":false},"excerpt":{"rendered":"<p>LIMPIADOR PISO TREMEX BRISA POLAR 2 L DESCRIPCI\u00d3N DEL PRODUCTO Limpiador l\u00edquido espumante desinfectante con fragancia, con pH nivelado, dise\u00f1ado especialmente para la limpieza de pisos, ba\u00f1os, mesones o cualquier superficie en el hogar y en la industria en general CARACTER\u00cdSTICAS DESTACADAS Limpiador multiuso que garantiza una limpieza profunda con pH nivelado Dise\u00f1ado especialmente para &hellip;<\/p>\n<p class=\"read-more\"> <a class=\" thunk-readmore button \" href=\"https:\/\/tremex.cl\/inicio\/producto\/2949\/\"> <span class=\"screen-reader-text\">Limpia Piso Brisa Polar 2 L<\/span>Leer m\u00e1s<\/a><\/p>\n","protected":false},"featured_media":2780,"template":"","meta":{"_eb_attr":""},"product_cat":[35,38],"product_tag":[47,61,60,44],"class_list":["post-2949","product","type-product","status-publish","has-post-thumbnail","hentry","product_cat-hogar","product_cat-productos","product_tag-limpieza","product_tag-pisos","product_tag-superficies","product_tag-tremex","thunk-woo-product-list","opn-qv-enable","big-store-woo-hover-zoom","open-single-product-tab-horizontal","open-shadow-","open-shadow-hover-"],"_links":{"self":[{"href":"https:\/\/tremex.cl\/inicio\/wp-json\/wp\/v2\/product\/2949","targetHints":{"allow":["GET"]}}],"collection":[{"href":"https:\/\/tremex.cl\/inicio\/wp-json\/wp\/v2\/product"}],"about":[{"href":"https:\/\/tremex.cl\/inicio\/wp-json\/wp\/v2\/types\/product"}],"wp:featuredmedia":[{"embeddable":true,"href":"https:\/\/tremex.cl\/inicio\/wp-json\/wp\/v2\/media\/2780"}],"wp:attachment":[{"href":"https:\/\/tremex.cl\/inicio\/wp-json\/wp\/v2\/media?parent=2949"}],"wp:term":[{"taxonomy":"product_cat","embeddable":true,"href":"https:\/\/tremex.cl\/inicio\/wp-json\/wp\/v2\/product_cat?post=2949"},{"taxonomy":"product_tag","embeddable":true,"href":"https:\/\/tremex.cl\/inicio\/wp-json\/wp\/v2\/product_tag?post=2949"}],"curies":[{"name":"wp","href":"https:\/\/api.w.org\/{rel}","templated":true}]}}