{"id":2939,"date":"2023-05-04T19:34:03","date_gmt":"2023-05-04T19:34:03","guid":{"rendered":"https:\/\/tremex.cl\/inicio\/?post_type=product&#038;p=2939"},"modified":"2023-05-08T23:12:48","modified_gmt":"2023-05-08T23:12:48","slug":"cloro-ropa-blanca-intenso-tremex-4-lts","status":"publish","type":"product","link":"https:\/\/tremex.cl\/inicio\/producto\/cloro-ropa-blanca-intenso-tremex-4-lts\/","title":{"rendered":"Cloro Ropa Blanca 4 L"},"content":{"rendered":"<p><span style=\"color: #003366;\">CLORO ROPA BLANCA INTENSO TREMEX 4 LTS<\/span><\/p>\n<h4>DESCRIPCI\u00d3N DEL PRODUCTO<\/h4>\n<p>EL HIPOCLORITO DE SODIO es un l\u00edquido incoloro-amarillento adecuado para la desinfecci\u00f3n en general. Acci\u00f3n bactericida y fungicida, muy utilizado para el blanqueo de telas blancas. Act\u00faa por el cloro que libera, con un rendimiento muy alto seg\u00fan beneficio- costo.<\/p>\n<h4>CARACTER\u00cdSTICAS DESTACADAS<\/h4>\n<ul class=\"i8Z77e\">\n<li>\u00a0Quita manchas dif\u00edciles<\/li>\n<li class=\"TrT0Xe\">Seguro para las telas: no da\u00f1a las prendas ni las amarillea<\/li>\n<li class=\"TrT0Xe\">Eficaz y econ\u00f3mico.<\/li>\n<li>Dej\u00e1ndolo actuar por unos 5 minutos ataca a virus, bacterias, hongos y levaduras.<\/li>\n<\/ul>\n","protected":false},"excerpt":{"rendered":"<p>CLORO ROPA BLANCA INTENSO TREMEX 4 LTS DESCRIPCI\u00d3N DEL PRODUCTO EL HIPOCLORITO DE SODIO es un l\u00edquido incoloro-amarillento adecuado para la desinfecci\u00f3n en general. Acci\u00f3n bactericida y fungicida, muy utilizado para el blanqueo de telas blancas. Act\u00faa por el cloro que libera, con un rendimiento muy alto seg\u00fan beneficio- costo. CARACTER\u00cdSTICAS DESTACADAS \u00a0Quita manchas dif\u00edciles &hellip;<\/p>\n<p class=\"read-more\"> <a class=\" thunk-readmore button \" href=\"https:\/\/tremex.cl\/inicio\/producto\/cloro-ropa-blanca-intenso-tremex-4-lts\/\"> <span class=\"screen-reader-text\">Cloro Ropa Blanca 4 L<\/span>Leer m\u00e1s<\/a><\/p>\n","protected":false},"featured_media":2758,"template":"","meta":{"_eb_attr":""},"product_cat":[35,36,38],"product_tag":[47,50,49,44],"class_list":["post-2939","product","type-product","status-publish","has-post-thumbnail","hentry","product_cat-hogar","product_cat-institucional","product_cat-productos","product_tag-limpieza","product_tag-manchas","product_tag-ropa-blanca","product_tag-tremex","thunk-woo-product-list","opn-qv-enable","big-store-woo-hover-zoom","open-single-product-tab-horizontal","open-shadow-","open-shadow-hover-"],"_links":{"self":[{"href":"https:\/\/tremex.cl\/inicio\/wp-json\/wp\/v2\/product\/2939","targetHints":{"allow":["GET"]}}],"collection":[{"href":"https:\/\/tremex.cl\/inicio\/wp-json\/wp\/v2\/product"}],"about":[{"href":"https:\/\/tremex.cl\/inicio\/wp-json\/wp\/v2\/types\/product"}],"wp:featuredmedia":[{"embeddable":true,"href":"https:\/\/tremex.cl\/inicio\/wp-json\/wp\/v2\/media\/2758"}],"wp:attachment":[{"href":"https:\/\/tremex.cl\/inicio\/wp-json\/wp\/v2\/media?parent=2939"}],"wp:term":[{"taxonomy":"product_cat","embeddable":true,"href":"https:\/\/tremex.cl\/inicio\/wp-json\/wp\/v2\/product_cat?post=2939"},{"taxonomy":"product_tag","embeddable":true,"href":"https:\/\/tremex.cl\/inicio\/wp-json\/wp\/v2\/product_tag?post=2939"}],"curies":[{"name":"wp","href":"https:\/\/api.w.org\/{rel}","templated":true}]}}