{"id":2919,"date":"2023-05-04T13:58:20","date_gmt":"2023-05-04T13:58:20","guid":{"rendered":"https:\/\/tremex.cl\/inicio\/?post_type=product&#038;p=2919"},"modified":"2023-05-08T23:14:40","modified_gmt":"2023-05-08T23:14:40","slug":"lavaloza-organic-te-verde-tremex-750-cc","status":"publish","type":"product","link":"https:\/\/tremex.cl\/inicio\/producto\/lavaloza-organic-te-verde-tremex-750-cc\/","title":{"rendered":"Lavaloza EcoActivo 750 CC"},"content":{"rendered":"<p><span style=\"color: #003300;\">LAVALOZA ORGANIC TE VERDE TREMEX 750 CC<\/span><\/p>\n<h4><span style=\"color: #000000;\"><strong>DESCRIPCI\u00d3N DEL PRODUCTO<\/strong>\u00a0<\/span><\/h4>\n<p><span style=\"color: #000000;\">Se presenta en la nueva l\u00ednea de productos eco-activos, en base a la innovaci\u00f3n sustentable, que ha girado hacia el uso de materias primas biodegradable, con extracto org\u00e1nico de t\u00e9, libre de fosfatos y colorantes qu\u00edmicos<\/span><\/p>\n<h4><span style=\"color: #000000;\"><strong>CARACTER\u00cdSTICAS DESTACADAS<\/strong><\/span><\/h4>\n<ul>\n<li><span style=\"color: #000000;\">\u00a0Innovaci\u00f3n sustentable, materias primas biodegradable con extracto org\u00e1nico de t\u00e9 y libre colorante<\/span><\/li>\n<li><span style=\"color: #000000;\">\u00a0Espuma controlada, pH neutro cuida sus manos y quita f\u00e1cilmente olores.<\/span><\/li>\n<\/ul>\n<h5 style=\"text-align: right;\"><!--more--><\/h5>\n","protected":false},"excerpt":{"rendered":"<p>LAVALOZA ORGANIC TE VERDE TREMEX 750 CC DESCRIPCI\u00d3N DEL PRODUCTO\u00a0 Se presenta en la nueva l\u00ednea de productos eco-activos, en base a la innovaci\u00f3n sustentable, que ha girado hacia el uso de materias primas biodegradable, con extracto org\u00e1nico de t\u00e9, libre de fosfatos y colorantes qu\u00edmicos CARACTER\u00cdSTICAS DESTACADAS \u00a0Innovaci\u00f3n sustentable, materias primas biodegradable con extracto &hellip;<\/p>\n<p class=\"read-more\"> <a class=\" thunk-readmore button \" href=\"https:\/\/tremex.cl\/inicio\/producto\/lavaloza-organic-te-verde-tremex-750-cc\/\"> <span class=\"screen-reader-text\">Lavaloza EcoActivo 750 CC<\/span>Leer m\u00e1s<\/a><\/p>\n","protected":false},"featured_media":2724,"template":"","meta":{"_eb_attr":""},"product_cat":[37,35,38],"product_tag":[42,43,41],"class_list":["post-2919","product","type-product","status-publish","has-post-thumbnail","hentry","product_cat-ecoactivo","product_cat-hogar","product_cat-productos","product_tag-ambiente","product_tag-ecologico","product_tag-sustentable","thunk-woo-product-list","opn-qv-enable","big-store-woo-hover-zoom","open-single-product-tab-horizontal","open-shadow-","open-shadow-hover-"],"_links":{"self":[{"href":"https:\/\/tremex.cl\/inicio\/wp-json\/wp\/v2\/product\/2919","targetHints":{"allow":["GET"]}}],"collection":[{"href":"https:\/\/tremex.cl\/inicio\/wp-json\/wp\/v2\/product"}],"about":[{"href":"https:\/\/tremex.cl\/inicio\/wp-json\/wp\/v2\/types\/product"}],"wp:featuredmedia":[{"embeddable":true,"href":"https:\/\/tremex.cl\/inicio\/wp-json\/wp\/v2\/media\/2724"}],"wp:attachment":[{"href":"https:\/\/tremex.cl\/inicio\/wp-json\/wp\/v2\/media?parent=2919"}],"wp:term":[{"taxonomy":"product_cat","embeddable":true,"href":"https:\/\/tremex.cl\/inicio\/wp-json\/wp\/v2\/product_cat?post=2919"},{"taxonomy":"product_tag","embeddable":true,"href":"https:\/\/tremex.cl\/inicio\/wp-json\/wp\/v2\/product_tag?post=2919"}],"curies":[{"name":"wp","href":"https:\/\/api.w.org\/{rel}","templated":true}]}}